{"id":1356,"date":"2025-11-26T17:03:47","date_gmt":"2025-11-26T17:03:47","guid":{"rendered":"https:\/\/www.legourmetlocal.fr\/?post_type=product&#038;p=1356"},"modified":"2025-12-01T15:04:51","modified_gmt":"2025-12-01T15:04:51","slug":"pickles-de-champignons-de-paris","status":"publish","type":"product","link":"https:\/\/www.legourmetlocal.fr\/?product=pickles-de-champignons-de-paris","title":{"rendered":"Pickles de Champignons de Paris"},"content":{"rendered":"<table class=\"bordered\">\n<tbody>\n<tr>\n<th colspan=\"2\">INFORMATIONS G\u00c9N\u00c9RALES<\/th>\n<\/tr>\n<tr>\n<td style=\"width:180px;\"><strong>D\u00e9nomination<\/strong><\/td>\n<td>Pickles de champignons de Paris \u2013 Recette artisanale<\/td>\n<\/tr>\n<tr>\n<td><strong>Poids<\/strong><\/td>\n<td>Environ 250 g (poche)<\/td>\n<\/tr>\n<tr>\n<td><strong>Origine<\/strong><\/td>\n<td>France<\/td>\n<\/tr>\n<tr>\n<td><strong>Lot<\/strong><\/td>\n<td>2910-25<\/td>\n<\/tr>\n<tr>\n<td><strong>Fabricant<\/strong><\/td>\n<td>Le Gourmet Local \u2013 148 avenue du Comte Vert \u2013 73000 Chamb\u00e9ry<\/td>\n<\/tr>\n<tr>\n<th colspan=\"2\">INGR\u00c9DIENTS &#038; ALLERG\u00c8NES<\/th>\n<\/tr>\n<tr>\n<td><strong>Ingr\u00e9dients<\/strong><\/td>\n<td>Champignons de Paris (50 %), vinaigre de vin rouge (25 %), eau (12,5 %), sucre (12,5 %), ail, feuilles de laurier. Peut contenir des traces de sulfites.<\/td>\n<\/tr>\n<tr>\n<td><strong>Allerg\u00e8nes<\/strong><\/td>\n<td>Sulfites (traces possibles)<\/td>\n<\/tr>\n<tr>\n<th colspan=\"2\">CONSERVATION<\/th>\n<p><\/r><\/p>\n<tr>\n<td><strong>Produit<\/strong><\/td>\n<td>\u00c0 conserver au r\u00e9frig\u00e9rateur<\/td>\n<\/tr>\n<tr>\n<td><strong>Apr\u00e8s ouverture<\/strong><\/td>\n<td>\u00c0 consommer sous 10 jours<\/td>\n<\/tr>\n<\/tbody>\n<\/table>\n","protected":false},"excerpt":{"rendered":"<p>Pickles de champignons de Paris en poche de 250 g, marin\u00e9s au vinaigre de vin rouge avec ail et feuilles de laurier. Une pr\u00e9paration savoureuse qui sublime poissons, viandes et ap\u00e9ritifs.<\/p>\n","protected":false},"featured_media":1359,"comment_status":"open","ping_status":"closed","template":"","meta":{"_bst_post_transparent":"default","_bst_post_title":"","_bst_post_layout":"default","_bst_post_sidebar_id":"","_bst_post_content_style":"default","_bst_post_vertical_padding":"default","_bst_post_feature":"","_bst_post_feature_position":"","_bst_post_header":false,"_bst_post_footer":false},"product_brand":[],"product_cat":[103],"product_tag":[116],"product_brands":[],"class_list":{"0":"post-1356","1":"product","2":"type-product","3":"status-publish","4":"has-post-thumbnail","6":"product_cat-epicerie-fine","7":"product_tag-pickles","9":"first","10":"instock","11":"taxable","12":"shipping-taxable","13":"purchasable","14":"product-type-simple","15":"entry","16":"content-bg","17":"loop-entry"},"_links":{"self":[{"href":"https:\/\/www.legourmetlocal.fr\/index.php?rest_route=\/wp\/v2\/product\/1356","targetHints":{"allow":["GET"]}}],"collection":[{"href":"https:\/\/www.legourmetlocal.fr\/index.php?rest_route=\/wp\/v2\/product"}],"about":[{"href":"https:\/\/www.legourmetlocal.fr\/index.php?rest_route=\/wp\/v2\/types\/product"}],"replies":[{"embeddable":true,"href":"https:\/\/www.legourmetlocal.fr\/index.php?rest_route=%2Fwp%2Fv2%2Fcomments&post=1356"}],"wp:featuredmedia":[{"embeddable":true,"href":"https:\/\/www.legourmetlocal.fr\/index.php?rest_route=\/wp\/v2\/media\/1359"}],"wp:attachment":[{"href":"https:\/\/www.legourmetlocal.fr\/index.php?rest_route=%2Fwp%2Fv2%2Fmedia&parent=1356"}],"wp:term":[{"taxonomy":"product_brand","embeddable":true,"href":"https:\/\/www.legourmetlocal.fr\/index.php?rest_route=%2Fwp%2Fv2%2Fproduct_brand&post=1356"},{"taxonomy":"product_cat","embeddable":true,"href":"https:\/\/www.legourmetlocal.fr\/index.php?rest_route=%2Fwp%2Fv2%2Fproduct_cat&post=1356"},{"taxonomy":"product_tag","embeddable":true,"href":"https:\/\/www.legourmetlocal.fr\/index.php?rest_route=%2Fwp%2Fv2%2Fproduct_tag&post=1356"},{"taxonomy":"product_brands","embeddable":true,"href":"https:\/\/www.legourmetlocal.fr\/index.php?rest_route=%2Fwp%2Fv2%2Fproduct_brands&post=1356"}],"curies":[{"name":"wp","href":"https:\/\/api.w.org\/{rel}","templated":true}]}}