{"id":1346,"date":"2025-11-26T14:34:15","date_gmt":"2025-11-26T14:34:15","guid":{"rendered":"https:\/\/www.legourmetlocal.fr\/?post_type=product&#038;p=1346"},"modified":"2025-12-01T15:04:24","modified_gmt":"2025-12-01T15:04:24","slug":"ballotine-de-foie-gras-de-canard-coeur-de-nougatine","status":"publish","type":"product","link":"https:\/\/www.legourmetlocal.fr\/?product=ballotine-de-foie-gras-de-canard-coeur-de-nougatine","title":{"rendered":"Foie Gras de Canard C\u0153ur de Nougatine"},"content":{"rendered":"<table class=\"bordered\">\n<tbody>\n<tr>\n<th colspan=\"2\">INFORMATIONS G\u00c9N\u00c9RALES<\/th>\n<\/tr>\n<tr>\n<td style=\"width:180px;\"><strong>D\u00e9nomination<\/strong><\/td>\n<td>Ballotine de Foie Gras de Canard \u2013 C\u0153ur de Nougatine<\/td>\n<\/tr>\n<tr>\n<td><strong>Recette<\/strong><\/td>\n<td>Pr\u00e9paration artisanale<\/td>\n<\/tr>\n<tr>\n<td><strong>Origine<\/strong><\/td>\n<td>France<\/td>\n<\/tr>\n<tr>\n<td><strong>Lot<\/strong><\/td>\n<td>VT000000120311<\/td>\n<\/tr>\n<tr>\n<td><strong>Fabricant<\/strong><\/td>\n<td>Le Gourmet Local \u2013 148 avenue du Comte Vert \u2013 73000 Chamb\u00e9ry<\/td>\n<\/tr>\n<tr>\n<th colspan=\"2\">INGR\u00c9DIENTS &#038; ALLERG\u00c8NES<\/th>\n<\/tr>\n<tr>\n<td><strong>Ingr\u00e9dients<\/strong><\/td>\n<td>Foie gras de canard, nougatine (amandes torr\u00e9fi\u00e9es, noisettes torr\u00e9fi\u00e9es, sucre caram\u00e9lis\u00e9), sel (1,2 %), poivre (0,35 %).<\/td>\n<\/tr>\n<tr>\n<td><strong>Allerg\u00e8nes<\/strong><\/td>\n<td>Fruits \u00e0 coque (amande, noisette)<\/td>\n<\/tr>\n<tr>\n<th colspan=\"2\">CONSERVATION<\/th>\n<\/tr>\n<tr>\n<td><strong>Produit<\/strong><\/td>\n<td>Produit frais non st\u00e9rilis\u00e9 \u2013 \u00c0 conserver entre 0 \u00b0C et 4 \u00b0C<\/td>\n<\/tr>\n<tr>\n<td><strong>Apr\u00e8s ouverture<\/strong><\/td>\n<td>\u00c0 consommer sous 48 h<\/td>\n<\/tr>\n<\/tbody>\n<\/table>\n","protected":false},"excerpt":{"rendered":"<p>Une ballotine de foie gras de canard d\u00e9licatement travaill\u00e9e avec un c\u0153ur de nougatine aux amandes et noisettes torr\u00e9fi\u00e9es. Une cr\u00e9ation artisanale raffin\u00e9e, pr\u00e9par\u00e9e dans notre atelier de Chamb\u00e9ry. <\/p>\n","protected":false},"featured_media":1347,"comment_status":"open","ping_status":"closed","template":"","meta":{"_bst_post_transparent":"default","_bst_post_title":"","_bst_post_layout":"default","_bst_post_sidebar_id":"","_bst_post_content_style":"default","_bst_post_vertical_padding":"default","_bst_post_feature":"","_bst_post_feature_position":"","_bst_post_header":false,"_bst_post_footer":false},"product_brand":[],"product_cat":[103],"product_tag":[115],"product_brands":[],"class_list":{"0":"post-1346","1":"product","2":"type-product","3":"status-publish","4":"has-post-thumbnail","6":"product_cat-epicerie-fine","7":"product_tag-foie-gras","9":"first","10":"instock","11":"taxable","12":"shipping-taxable","13":"purchasable","14":"product-type-variable","15":"entry","16":"content-bg","17":"loop-entry"},"_links":{"self":[{"href":"https:\/\/www.legourmetlocal.fr\/index.php?rest_route=\/wp\/v2\/product\/1346","targetHints":{"allow":["GET"]}}],"collection":[{"href":"https:\/\/www.legourmetlocal.fr\/index.php?rest_route=\/wp\/v2\/product"}],"about":[{"href":"https:\/\/www.legourmetlocal.fr\/index.php?rest_route=\/wp\/v2\/types\/product"}],"replies":[{"embeddable":true,"href":"https:\/\/www.legourmetlocal.fr\/index.php?rest_route=%2Fwp%2Fv2%2Fcomments&post=1346"}],"wp:featuredmedia":[{"embeddable":true,"href":"https:\/\/www.legourmetlocal.fr\/index.php?rest_route=\/wp\/v2\/media\/1347"}],"wp:attachment":[{"href":"https:\/\/www.legourmetlocal.fr\/index.php?rest_route=%2Fwp%2Fv2%2Fmedia&parent=1346"}],"wp:term":[{"taxonomy":"product_brand","embeddable":true,"href":"https:\/\/www.legourmetlocal.fr\/index.php?rest_route=%2Fwp%2Fv2%2Fproduct_brand&post=1346"},{"taxonomy":"product_cat","embeddable":true,"href":"https:\/\/www.legourmetlocal.fr\/index.php?rest_route=%2Fwp%2Fv2%2Fproduct_cat&post=1346"},{"taxonomy":"product_tag","embeddable":true,"href":"https:\/\/www.legourmetlocal.fr\/index.php?rest_route=%2Fwp%2Fv2%2Fproduct_tag&post=1346"},{"taxonomy":"product_brands","embeddable":true,"href":"https:\/\/www.legourmetlocal.fr\/index.php?rest_route=%2Fwp%2Fv2%2Fproduct_brands&post=1346"}],"curies":[{"name":"wp","href":"https:\/\/api.w.org\/{rel}","templated":true}]}}