{"id":1318,"date":"2025-11-26T13:08:12","date_gmt":"2025-11-26T13:08:12","guid":{"rendered":"https:\/\/www.legourmetlocal.fr\/?post_type=product&#038;p=1318"},"modified":"2025-12-01T15:03:14","modified_gmt":"2025-12-01T15:03:14","slug":"terrine-de-porc-artisanale","status":"publish","type":"product","link":"https:\/\/www.legourmetlocal.fr\/?product=terrine-de-porc-artisanale","title":{"rendered":"Terrine de porc artisanale"},"content":{"rendered":"<table class=\"bordered\">\n<tbody>\n<tr>\n<th colspan=\"2\">INFORMATIONS G\u00c9N\u00c9RALES<\/th>\n<\/tr>\n<tr>\n<td style=\"width:180px;\"><strong>D\u00e9nomination<\/strong><\/td>\n<td>Terrine artisanale de porc \u2013 Recette maison<\/td>\n<\/tr>\n<tr>\n<td><strong>Poids<\/strong><\/td>\n<td>Environ 180 g<\/td>\n<\/tr>\n<tr>\n<td><strong>Origine des viandes<\/strong><\/td>\n<td>France<\/td>\n<\/tr>\n<tr>\n<td><strong>Lot<\/strong><\/td>\n<td>291025<\/td>\n<\/tr>\n<tr>\n<td><strong>Fabricant<\/strong><\/td>\n<td>Le Gourmet Local \u2013 148 av. du Comte Vert \u2013 73000 Chamb\u00e9ry<\/td>\n<\/tr>\n<tr>\n<th colspan=\"2\">INGR\u00c9DIENTS &#038; ALLERG\u00c8NES<\/th>\n<\/tr>\n<tr>\n<td><strong>Ingr\u00e9dients<\/strong><\/td>\n<td>Porc (82 %), b\u0153uf (3 %), \u00e9chalotes (5 %), \u0153ufs (6 %), ail (1.5 %), sel (1.4 %), poivre (0.2 %), \u00e9pices (5 baies, geni\u00e8vre).<\/td>\n<\/tr>\n<tr>\n<td><strong>Allerg\u00e8nes<\/strong><\/td>\n<td>\u0152ufs<\/td>\n<\/tr>\n<tr>\n<th colspan=\"2\">CONSERVATION<\/th>\n<\/tr>\n<tr>\n<td><strong>Produit<\/strong><\/td>\n<td>Produit st\u00e9rilis\u00e9 \u2013 \u00c0 conserver \u00e0 temp\u00e9rature ambiante<\/td>\n<\/tr>\n<tr>\n<td><strong>Apr\u00e8s ouverture<\/strong><\/td>\n<td>Conserver \u00e0 +4 \u00b0C et consommer sous 3 jours<\/td>\n<\/tr>\n<\/tbody>\n<\/table>\n","protected":false},"excerpt":{"rendered":"<p>Une terrine artisanale de porc pr\u00e9par\u00e9e avec des ingr\u00e9dients fran\u00e7ais, \u00e9pices 5 baies et geni\u00e8vre. Une recette authentique et g\u00e9n\u00e9reuse, st\u00e9rilis\u00e9e et \u00e9labor\u00e9e dans notre atelier de Chamb\u00e9ry.<\/p>\n","protected":false},"featured_media":1340,"comment_status":"open","ping_status":"closed","template":"","meta":{"_bst_post_transparent":"default","_bst_post_title":"","_bst_post_layout":"default","_bst_post_sidebar_id":"","_bst_post_content_style":"default","_bst_post_vertical_padding":"default","_bst_post_feature":"","_bst_post_feature_position":"","_bst_post_header":false,"_bst_post_footer":false},"product_brand":[],"product_cat":[103],"product_tag":[113],"product_brands":[],"class_list":{"0":"post-1318","1":"product","2":"type-product","3":"status-publish","4":"has-post-thumbnail","6":"product_cat-epicerie-fine","7":"product_tag-terrine","9":"first","10":"instock","11":"taxable","12":"shipping-taxable","13":"purchasable","14":"product-type-simple","15":"entry","16":"content-bg","17":"loop-entry"},"_links":{"self":[{"href":"https:\/\/www.legourmetlocal.fr\/index.php?rest_route=\/wp\/v2\/product\/1318","targetHints":{"allow":["GET"]}}],"collection":[{"href":"https:\/\/www.legourmetlocal.fr\/index.php?rest_route=\/wp\/v2\/product"}],"about":[{"href":"https:\/\/www.legourmetlocal.fr\/index.php?rest_route=\/wp\/v2\/types\/product"}],"replies":[{"embeddable":true,"href":"https:\/\/www.legourmetlocal.fr\/index.php?rest_route=%2Fwp%2Fv2%2Fcomments&post=1318"}],"wp:featuredmedia":[{"embeddable":true,"href":"https:\/\/www.legourmetlocal.fr\/index.php?rest_route=\/wp\/v2\/media\/1340"}],"wp:attachment":[{"href":"https:\/\/www.legourmetlocal.fr\/index.php?rest_route=%2Fwp%2Fv2%2Fmedia&parent=1318"}],"wp:term":[{"taxonomy":"product_brand","embeddable":true,"href":"https:\/\/www.legourmetlocal.fr\/index.php?rest_route=%2Fwp%2Fv2%2Fproduct_brand&post=1318"},{"taxonomy":"product_cat","embeddable":true,"href":"https:\/\/www.legourmetlocal.fr\/index.php?rest_route=%2Fwp%2Fv2%2Fproduct_cat&post=1318"},{"taxonomy":"product_tag","embeddable":true,"href":"https:\/\/www.legourmetlocal.fr\/index.php?rest_route=%2Fwp%2Fv2%2Fproduct_tag&post=1318"},{"taxonomy":"product_brands","embeddable":true,"href":"https:\/\/www.legourmetlocal.fr\/index.php?rest_route=%2Fwp%2Fv2%2Fproduct_brands&post=1318"}],"curies":[{"name":"wp","href":"https:\/\/api.w.org\/{rel}","templated":true}]}}