{"id":1298,"date":"2025-11-26T11:49:45","date_gmt":"2025-11-26T11:49:45","guid":{"rendered":"https:\/\/www.legourmetlocal.fr\/?post_type=product&#038;p=1298"},"modified":"2025-12-01T15:05:55","modified_gmt":"2025-12-01T15:05:55","slug":"panier-prestige-foie-gras-magrets-terrine-pickles","status":"publish","type":"product","link":"https:\/\/www.legourmetlocal.fr\/?product=panier-prestige-foie-gras-magrets-terrine-pickles","title":{"rendered":"Panier Prestige \u2013 Foie Gras, Magrets, Terrine &#038; Pickles"},"content":{"rendered":"<table class=\"bordered\">\n<tbody>\n<tr>\n<td style=\"width:180px;\"><strong>Foie gras<\/strong><\/td>\n<td>Bloc de 500 g \u2013 pr\u00e9paration artisanale<\/td>\n<\/tr>\n<tr>\n<td><strong>Magrets entiers<\/strong><\/td>\n<td>2 magrets entiers fum\u00e9s \u2013 recettes maison<\/td>\n<\/tr>\n<tr>\n<td><strong>Terrine artisanale<\/strong><\/td>\n<td>1 terrine \u2013 recette maison<\/td>\n<\/tr>\n<tr>\n<td><strong>Pickles artisanaux<\/strong><\/td>\n<td>1 bocal de pickles maison<\/td>\n<\/tr>\n<\/tbody>\n<\/table>\n","protected":false},"excerpt":{"rendered":"<p>Un panier d\u2019exception compos\u00e9 d\u2019un foie gras de 500 g, de deux magrets entiers, d\u2019une terrine artisanale et de pickles. Une s\u00e9lection prestige id\u00e9ale pour les f\u00eates, les repas raffin\u00e9s ou un cadeau gourmet haut de gamme.<\/p>\n","protected":false},"featured_media":1303,"comment_status":"open","ping_status":"closed","template":"","meta":{"_bst_post_transparent":"default","_bst_post_title":"","_bst_post_layout":"default","_bst_post_sidebar_id":"","_bst_post_content_style":"default","_bst_post_vertical_padding":"default","_bst_post_feature":"","_bst_post_feature_position":"","_bst_post_header":false,"_bst_post_footer":false},"product_brand":[],"product_cat":[103],"product_tag":[117],"product_brands":[],"class_list":{"0":"post-1298","1":"product","2":"type-product","3":"status-publish","4":"has-post-thumbnail","6":"product_cat-epicerie-fine","7":"product_tag-panier","9":"first","10":"instock","11":"sale","12":"taxable","13":"shipping-taxable","14":"purchasable","15":"product-type-simple","16":"entry","17":"content-bg","18":"loop-entry"},"_links":{"self":[{"href":"https:\/\/www.legourmetlocal.fr\/index.php?rest_route=\/wp\/v2\/product\/1298","targetHints":{"allow":["GET"]}}],"collection":[{"href":"https:\/\/www.legourmetlocal.fr\/index.php?rest_route=\/wp\/v2\/product"}],"about":[{"href":"https:\/\/www.legourmetlocal.fr\/index.php?rest_route=\/wp\/v2\/types\/product"}],"replies":[{"embeddable":true,"href":"https:\/\/www.legourmetlocal.fr\/index.php?rest_route=%2Fwp%2Fv2%2Fcomments&post=1298"}],"wp:featuredmedia":[{"embeddable":true,"href":"https:\/\/www.legourmetlocal.fr\/index.php?rest_route=\/wp\/v2\/media\/1303"}],"wp:attachment":[{"href":"https:\/\/www.legourmetlocal.fr\/index.php?rest_route=%2Fwp%2Fv2%2Fmedia&parent=1298"}],"wp:term":[{"taxonomy":"product_brand","embeddable":true,"href":"https:\/\/www.legourmetlocal.fr\/index.php?rest_route=%2Fwp%2Fv2%2Fproduct_brand&post=1298"},{"taxonomy":"product_cat","embeddable":true,"href":"https:\/\/www.legourmetlocal.fr\/index.php?rest_route=%2Fwp%2Fv2%2Fproduct_cat&post=1298"},{"taxonomy":"product_tag","embeddable":true,"href":"https:\/\/www.legourmetlocal.fr\/index.php?rest_route=%2Fwp%2Fv2%2Fproduct_tag&post=1298"},{"taxonomy":"product_brands","embeddable":true,"href":"https:\/\/www.legourmetlocal.fr\/index.php?rest_route=%2Fwp%2Fv2%2Fproduct_brands&post=1298"}],"curies":[{"name":"wp","href":"https:\/\/api.w.org\/{rel}","templated":true}]}}