{"id":1296,"date":"2025-11-26T11:44:09","date_gmt":"2025-11-26T11:44:09","guid":{"rendered":"https:\/\/www.legourmetlocal.fr\/?post_type=product&#038;p=1296"},"modified":"2025-12-01T15:05:55","modified_gmt":"2025-12-01T15:05:55","slug":"panier-gourmet-truite-saumon-terrine-artisanale","status":"publish","type":"product","link":"https:\/\/www.legourmetlocal.fr\/?product=panier-gourmet-truite-saumon-terrine-artisanale","title":{"rendered":"Panier Saveurs Fum\u00e9es \u2013 Truite, Saumon &#038; Terrine artisanale"},"content":{"rendered":"<table class=\"bordered\">\n<tbody>\n<tr>\n<td style=\"width: 180px;\"><strong>Truite fum\u00e9e tranch\u00e9e<\/strong><\/td>\n<td>250 g \u2013 pr\u00e9paration artisanale<\/td>\n<\/tr>\n<tr>\n<td><strong>Saumon fum\u00e9 tranch\u00e9<\/strong><\/td>\n<td>250 g \u2013 pr\u00e9paration artisanale<\/td>\n<\/tr>\n<tr>\n<td><strong>Terrine artisanale<\/strong><\/td>\n<td>1 terrine \u2013 recette maison<\/td>\n<\/tr>\n<\/tbody>\n<\/table>\n","protected":false},"excerpt":{"rendered":"<p>Un panier gourmand compos\u00e9 de truite fum\u00e9e, saumon fum\u00e9 et d\u2019une terrine artisanale. Des produits 100 % artisanaux, pr\u00e9par\u00e9s en Savoie, parfaits pour un ap\u00e9ritif raffin\u00e9 ou un cadeau gourmet.<\/p>\n","protected":false},"featured_media":1300,"comment_status":"open","ping_status":"closed","template":"","meta":{"_bst_post_transparent":"default","_bst_post_title":"","_bst_post_layout":"default","_bst_post_sidebar_id":"","_bst_post_content_style":"default","_bst_post_vertical_padding":"default","_bst_post_feature":"","_bst_post_feature_position":"","_bst_post_header":false,"_bst_post_footer":false},"product_brand":[],"product_cat":[103],"product_tag":[117],"product_brands":[],"class_list":{"0":"post-1296","1":"product","2":"type-product","3":"status-publish","4":"has-post-thumbnail","6":"product_cat-epicerie-fine","7":"product_tag-panier","9":"first","10":"instock","11":"sale","12":"taxable","13":"shipping-taxable","14":"purchasable","15":"product-type-simple","16":"entry","17":"content-bg","18":"loop-entry"},"_links":{"self":[{"href":"https:\/\/www.legourmetlocal.fr\/index.php?rest_route=\/wp\/v2\/product\/1296","targetHints":{"allow":["GET"]}}],"collection":[{"href":"https:\/\/www.legourmetlocal.fr\/index.php?rest_route=\/wp\/v2\/product"}],"about":[{"href":"https:\/\/www.legourmetlocal.fr\/index.php?rest_route=\/wp\/v2\/types\/product"}],"replies":[{"embeddable":true,"href":"https:\/\/www.legourmetlocal.fr\/index.php?rest_route=%2Fwp%2Fv2%2Fcomments&post=1296"}],"wp:featuredmedia":[{"embeddable":true,"href":"https:\/\/www.legourmetlocal.fr\/index.php?rest_route=\/wp\/v2\/media\/1300"}],"wp:attachment":[{"href":"https:\/\/www.legourmetlocal.fr\/index.php?rest_route=%2Fwp%2Fv2%2Fmedia&parent=1296"}],"wp:term":[{"taxonomy":"product_brand","embeddable":true,"href":"https:\/\/www.legourmetlocal.fr\/index.php?rest_route=%2Fwp%2Fv2%2Fproduct_brand&post=1296"},{"taxonomy":"product_cat","embeddable":true,"href":"https:\/\/www.legourmetlocal.fr\/index.php?rest_route=%2Fwp%2Fv2%2Fproduct_cat&post=1296"},{"taxonomy":"product_tag","embeddable":true,"href":"https:\/\/www.legourmetlocal.fr\/index.php?rest_route=%2Fwp%2Fv2%2Fproduct_tag&post=1296"},{"taxonomy":"product_brands","embeddable":true,"href":"https:\/\/www.legourmetlocal.fr\/index.php?rest_route=%2Fwp%2Fv2%2Fproduct_brands&post=1296"}],"curies":[{"name":"wp","href":"https:\/\/api.w.org\/{rel}","templated":true}]}}